{"id":979,"date":"2024-01-10T13:38:50","date_gmt":"2024-01-10T12:38:50","guid":{"rendered":"https:\/\/mtv-l\u00fcbberstedt.de\/?page_id=979"},"modified":"2025-01-26T20:28:26","modified_gmt":"2025-01-26T19:28:26","slug":"bogenschiessen","status":"publish","type":"page","link":"https:\/\/mtv-l\u00fcbberstedt.de\/?page_id=979","title":{"rendered":"Bogenschie\u00dfen"},"content":{"rendered":"\n<h1>Bogenschie\u00dfen<\/h1>\n<h2 class=\"wp-block-heading\"><strong>Spartenleitung: <\/strong><\/h2>\n<h4 class=\"wp-block-heading\"><strong>Andreas N\u00f6thlich<\/strong><\/h4>\n<h4 class=\"wp-block-heading\"><strong>Telefon: 04748\/4299556<\/strong><br><br><strong>Mail:&nbsp;<\/strong><a href=\"mailto:info@mtvluebberstedt.de\"><span style=\"color: #004492;\"><strong>info@mtvluebberstedt.de<\/strong><\/span><\/a><\/h4>\n<h2><strong>Trainingsort: <\/strong><\/h2>\n<h4>DGH\/Sporthalle L\u00fcbberstedt<\/h4>\n<h2><strong>Trainingszeiten:<\/strong><\/h2>\n<h4>Montags: 17.15 Uhr bis 19.00 Uhr Jugendliche &amp; Erwachsene Leiter: Andreas N\u00f6thlich<\/h4>\n<h4>Mittwochs: 17.45 Uhr bis 19.15 Uhr Jugendliche &amp; Erwachsene Leiter: Kurt Eggerling und Andr\u00e9 M\u00fcller<\/h4>\n<h4>Freitags: 17.15 Uhr bis 19.00 Uhr nach Absprache<\/h4>\n<h4>Samstags: 14.00 &nbsp;Uhr bis 16.00 Uhr nach Absprache<\/h4>\n<h4>Sonntags: 10.00 Uhr bis 12.00 Uhr nach Absprache&nbsp;<\/h4>\n<p>&nbsp;<\/p>\n","protected":false},"excerpt":{"rendered":"<p>Bogenschie\u00dfen Spartenleitung: Andreas N\u00f6thlich Telefon: 04748\/4299556 Mail:&nbsp;info@mtvluebberstedt.de Trainingsort: DGH\/Sporthalle L\u00fcbberstedt Trainingszeiten: Montags: 17.15 Uhr bis 19.00 Uhr Jugendliche &amp; Erwachsene Leiter: Andreas N\u00f6thlich Mittwochs: 17.45 Uhr bis 19.15 Uhr Jugendliche &amp; Erwachsene Leiter: Kurt Eggerling und Andr\u00e9 M\u00fcller Freitags: 17.15 Uhr bis 19.00 Uhr nach Absprache Samstags: 14.00 &nbsp;Uhr bis 16.00 Uhr nach Absprache Sonntags: [&hellip;]<\/p>\n","protected":false},"author":1,"featured_media":0,"parent":0,"menu_order":0,"comment_status":"closed","ping_status":"closed","template":"","meta":{"ngg_post_thumbnail":0,"footnotes":""},"class_list":["post-979","page","type-page","status-publish","hentry"],"_links":{"self":[{"href":"https:\/\/mtv-l\u00fcbberstedt.de\/index.php?rest_route=\/wp\/v2\/pages\/979","targetHints":{"allow":["GET"]}}],"collection":[{"href":"https:\/\/mtv-l\u00fcbberstedt.de\/index.php?rest_route=\/wp\/v2\/pages"}],"about":[{"href":"https:\/\/mtv-l\u00fcbberstedt.de\/index.php?rest_route=\/wp\/v2\/types\/page"}],"author":[{"embeddable":true,"href":"https:\/\/mtv-l\u00fcbberstedt.de\/index.php?rest_route=\/wp\/v2\/users\/1"}],"replies":[{"embeddable":true,"href":"https:\/\/mtv-l\u00fcbberstedt.de\/index.php?rest_route=%2Fwp%2Fv2%2Fcomments&post=979"}],"version-history":[{"count":8,"href":"https:\/\/mtv-l\u00fcbberstedt.de\/index.php?rest_route=\/wp\/v2\/pages\/979\/revisions"}],"predecessor-version":[{"id":1286,"href":"https:\/\/mtv-l\u00fcbberstedt.de\/index.php?rest_route=\/wp\/v2\/pages\/979\/revisions\/1286"}],"wp:attachment":[{"href":"https:\/\/mtv-l\u00fcbberstedt.de\/index.php?rest_route=%2Fwp%2Fv2%2Fmedia&parent=979"}],"curies":[{"name":"wp","href":"https:\/\/api.w.org\/{rel}","templated":true}]}}