{"id":925,"date":"2024-01-10T18:11:15","date_gmt":"2024-01-10T17:11:15","guid":{"rendered":"https:\/\/mtv-l\u00fcbberstedt.de\/?page_id=925"},"modified":"2025-01-27T21:33:59","modified_gmt":"2025-01-27T20:33:59","slug":"sparten-2","status":"publish","type":"page","link":"https:\/\/mtv-l\u00fcbberstedt.de\/?page_id=925","title":{"rendered":"Sparten"},"content":{"rendered":"\n<h2>MTV Sportangebot<\/h2>\n<h5>In unseren unterschiedlichen Sparten und Gruppen k\u00f6nnen verschiedenste Angebote ausprobiert und Sport betrieben werden.<\/h5>\n\n\n\n<div class=\"wp-block-columns is-layout-flex wp-container-core-columns-is-layout-9d6595d7 wp-block-columns-is-layout-flex\">\n<div class=\"wp-block-column is-layout-flow wp-block-column-is-layout-flow\">\n<figure class=\"wp-block-image size-full\"><a href=\"https:\/\/mtv-l\u00fcbberstedt.de\/?page_id=1024\"><img loading=\"lazy\" decoding=\"async\" width=\"300\" height=\"300\" src=\"https:\/\/mtv-l\u00fcbberstedt.de\/wp-content\/uploads\/2024\/01\/Aerobic-3.png\" alt=\"\" class=\"wp-image-1064\" srcset=\"https:\/\/mtv-l\u00fcbberstedt.de\/wp-content\/uploads\/2024\/01\/Aerobic-3.png 300w, https:\/\/mtv-l\u00fcbberstedt.de\/wp-content\/uploads\/2024\/01\/Aerobic-3-150x150.png 150w\" sizes=\"auto, (max-width: 300px) 100vw, 300px\" \/><\/a><\/figure>\n\n\n\n<h5><a href=\"https:\/\/mtv-l\u00fcbberstedt.de\/?page_id=1024\">Aerobic<\/a><\/h5>\n<\/div>\n\n\n\n<div class=\"wp-block-column is-layout-flow wp-block-column-is-layout-flow\">\n<figure class=\"wp-block-image size-full\"><a href=\"https:\/\/mtv-l\u00fcbberstedt.de\/?page_id=978\"><img loading=\"lazy\" decoding=\"async\" width=\"300\" height=\"300\" src=\"https:\/\/mtv-l\u00fcbberstedt.de\/wp-content\/uploads\/2024\/01\/Badminton-1.png\" alt=\"\" class=\"wp-image-1065\" srcset=\"https:\/\/mtv-l\u00fcbberstedt.de\/wp-content\/uploads\/2024\/01\/Badminton-1.png 300w, https:\/\/mtv-l\u00fcbberstedt.de\/wp-content\/uploads\/2024\/01\/Badminton-1-150x150.png 150w\" sizes=\"auto, (max-width: 300px) 100vw, 300px\" \/><\/a><\/figure>\n\n\n\n<h5><a href=\"https:\/\/mtv-l\u00fcbberstedt.de\/?page_id=978\">Badminton<\/a><\/h5>\n<\/div>\n\n\n\n<div class=\"wp-block-column is-layout-flow wp-block-column-is-layout-flow\">\n<figure class=\"wp-block-image size-full\"><a href=\"https:\/\/mtv-l\u00fcbberstedt.de\/?page_id=979\"><img loading=\"lazy\" decoding=\"async\" width=\"300\" height=\"300\" src=\"https:\/\/mtv-l\u00fcbberstedt.de\/wp-content\/uploads\/2024\/01\/Bogen-1.png\" alt=\"\" class=\"wp-image-1066\" srcset=\"https:\/\/mtv-l\u00fcbberstedt.de\/wp-content\/uploads\/2024\/01\/Bogen-1.png 300w, https:\/\/mtv-l\u00fcbberstedt.de\/wp-content\/uploads\/2024\/01\/Bogen-1-150x150.png 150w\" sizes=\"auto, (max-width: 300px) 100vw, 300px\" \/><\/a><\/figure>\n\n\n\n<h5><a href=\"https:\/\/mtv-l\u00fcbberstedt.de\/?page_id=979\">Bogenschie\u00dfen<\/a><\/h5>\n<\/div>\n\n\n\n<div class=\"wp-block-column is-layout-flow wp-block-column-is-layout-flow\">\n<figure class=\"wp-block-image size-full\"><a href=\"https:\/\/mtv-l\u00fcbberstedt.de\/?page_id=1034\"><img loading=\"lazy\" decoding=\"async\" width=\"300\" height=\"300\" src=\"https:\/\/mtv-l\u00fcbberstedt.de\/wp-content\/uploads\/2024\/01\/Boule-1.png\" alt=\"\" class=\"wp-image-1070\" srcset=\"https:\/\/mtv-l\u00fcbberstedt.de\/wp-content\/uploads\/2024\/01\/Boule-1.png 300w, https:\/\/mtv-l\u00fcbberstedt.de\/wp-content\/uploads\/2024\/01\/Boule-1-150x150.png 150w\" sizes=\"auto, (max-width: 300px) 100vw, 300px\" \/><\/a><\/figure>\n\n\n\n<h5><a href=\"https:\/\/mtv-l\u00fcbberstedt.de\/?page_id=1034\">Boule<\/a><\/h5>\n<\/div>\n\n\n\n<div class=\"wp-block-column is-layout-flow wp-block-column-is-layout-flow\">\n<figure class=\"wp-block-image size-full\"><a href=\"https:\/\/mtv-l\u00fcbberstedt.de\/?page_id=1037\"><img loading=\"lazy\" decoding=\"async\" width=\"300\" height=\"300\" src=\"https:\/\/mtv-l\u00fcbberstedt.de\/wp-content\/uploads\/2024\/01\/Damengymnastik-2.png\" alt=\"\" class=\"wp-image-1071\" srcset=\"https:\/\/mtv-l\u00fcbberstedt.de\/wp-content\/uploads\/2024\/01\/Damengymnastik-2.png 300w, https:\/\/mtv-l\u00fcbberstedt.de\/wp-content\/uploads\/2024\/01\/Damengymnastik-2-150x150.png 150w\" sizes=\"auto, (max-width: 300px) 100vw, 300px\" \/><\/a><\/figure>\n\n\n\n<h5><a href=\"https:\/\/mtv-l\u00fcbberstedt.de\/?page_id=1037\">Damengymnastik<\/a><\/h5>\n<\/div>\n<\/div>\n\n\n\n<div class=\"wp-block-columns is-layout-flex wp-container-core-columns-is-layout-9d6595d7 wp-block-columns-is-layout-flex\">\n<div class=\"wp-block-column is-layout-flow wp-block-column-is-layout-flow\">\n<figure class=\"wp-block-image size-full\"><a href=\"https:\/\/mtv-l\u00fcbberstedt.de\/?page_id=1041\"><img loading=\"lazy\" decoding=\"async\" width=\"300\" height=\"300\" src=\"https:\/\/mtv-l\u00fcbberstedt.de\/wp-content\/uploads\/2024\/01\/Faustball-3.png\" alt=\"\" class=\"wp-image-1072\" srcset=\"https:\/\/mtv-l\u00fcbberstedt.de\/wp-content\/uploads\/2024\/01\/Faustball-3.png 300w, https:\/\/mtv-l\u00fcbberstedt.de\/wp-content\/uploads\/2024\/01\/Faustball-3-150x150.png 150w\" sizes=\"auto, (max-width: 300px) 100vw, 300px\" \/><\/a><\/figure>\n\n\n\n<h5><a href=\"https:\/\/mtv-l\u00fcbberstedt.de\/?page_id=1041\">Faustball<\/a><\/h5>\n<\/div>\n\n\n\n<div class=\"wp-block-column is-layout-flow wp-block-column-is-layout-flow\">\n<figure class=\"wp-block-image size-full\"><a href=\"https:\/\/mtv-l\u00fcbberstedt.de\/?page_id=1044\"><img loading=\"lazy\" decoding=\"async\" width=\"300\" height=\"300\" src=\"https:\/\/mtv-l\u00fcbberstedt.de\/wp-content\/uploads\/2024\/01\/M-K_Turnen-2.png\" alt=\"\" class=\"wp-image-1073\" srcset=\"https:\/\/mtv-l\u00fcbberstedt.de\/wp-content\/uploads\/2024\/01\/M-K_Turnen-2.png 300w, https:\/\/mtv-l\u00fcbberstedt.de\/wp-content\/uploads\/2024\/01\/M-K_Turnen-2-150x150.png 150w\" sizes=\"auto, (max-width: 300px) 100vw, 300px\" \/><\/a><\/figure>\n\n\n\n<h5><a href=\"https:\/\/mtv-l\u00fcbberstedt.de\/?page_id=1044\">Eltern-Kind Turnen Kinderturnen<\/a><\/h5>\n<\/div>\n\n\n\n<div class=\"wp-block-column is-layout-flow wp-block-column-is-layout-flow\">\n<figure class=\"wp-block-image size-full\"><a href=\"https:\/\/mtv-l\u00fcbberstedt.de\/?page_id=1047\"><img loading=\"lazy\" decoding=\"async\" width=\"300\" height=\"300\" src=\"https:\/\/mtv-l\u00fcbberstedt.de\/wp-content\/uploads\/2024\/01\/Prellball_Rad-1.png\" alt=\"\" class=\"wp-image-1074\" srcset=\"https:\/\/mtv-l\u00fcbberstedt.de\/wp-content\/uploads\/2024\/01\/Prellball_Rad-1.png 300w, https:\/\/mtv-l\u00fcbberstedt.de\/wp-content\/uploads\/2024\/01\/Prellball_Rad-1-150x150.png 150w\" sizes=\"auto, (max-width: 300px) 100vw, 300px\" \/><\/a><\/figure>\n\n\n\n<h5><a href=\"https:\/\/mtv-l\u00fcbberstedt.de\/?page_id=1047\">Prellball &#8211; Radfahren<\/a><\/h5>\n<\/div>\n\n\n\n<div class=\"wp-block-column is-layout-flow wp-block-column-is-layout-flow\">\n<figure class=\"wp-block-image size-full is-style-default\"><a href=\"https:\/\/mtv-l\u00fcbberstedt.de\/?page_id=1050\"><img loading=\"lazy\" decoding=\"async\" width=\"300\" height=\"300\" src=\"https:\/\/mtv-l\u00fcbberstedt.de\/wp-content\/uploads\/2024\/01\/Tischtennis-2.png\" alt=\"\" class=\"wp-image-1078\" srcset=\"https:\/\/mtv-l\u00fcbberstedt.de\/wp-content\/uploads\/2024\/01\/Tischtennis-2.png 300w, https:\/\/mtv-l\u00fcbberstedt.de\/wp-content\/uploads\/2024\/01\/Tischtennis-2-150x150.png 150w\" sizes=\"auto, (max-width: 300px) 100vw, 300px\" \/><\/a><\/figure>\n\n\n\n<h5><a href=\"https:\/\/mtv-l\u00fcbberstedt.de\/?page_id=1050\">Tischtennis<\/a><\/h5>\n<\/div>\n\n\n\n<div class=\"wp-block-column is-layout-flow wp-block-column-is-layout-flow\">\n<figure class=\"wp-block-image size-full\"><a href=\"https:\/\/mtv-l\u00fcbberstedt.de\/?page_id=1053\"><img loading=\"lazy\" decoding=\"async\" width=\"300\" height=\"300\" src=\"https:\/\/mtv-l\u00fcbberstedt.de\/wp-content\/uploads\/2024\/01\/Walking-2.png\" alt=\"\" class=\"wp-image-1079\" srcset=\"https:\/\/mtv-l\u00fcbberstedt.de\/wp-content\/uploads\/2024\/01\/Walking-2.png 300w, https:\/\/mtv-l\u00fcbberstedt.de\/wp-content\/uploads\/2024\/01\/Walking-2-150x150.png 150w\" sizes=\"auto, (max-width: 300px) 100vw, 300px\" \/><\/a><\/figure>\n\n\n\n<h5><a href=\"https:\/\/mtv-l\u00fcbberstedt.de\/?page_id=1053\">Walking<\/a><\/h5>\n<\/div>\n<\/div>\n\n\n\n<h2>\u00dcbersicht der Sparten und \u00dcbungstermine<\/h2>\n<p><a href=\"https:\/\/mtv-l\u00fcbberstedt.de\/wp-content\/uploads\/2023\/10\/Uebungsleitertermine-1_Seite_2-scaled.jpg\"><img loading=\"lazy\" decoding=\"async\" class=\"aligncenter  wp-image-846\" src=\"https:\/\/mtv-l\u00fcbberstedt.de\/wp-content\/uploads\/2023\/10\/Uebungsleitertermine-1_Seite_2-scaled.jpg\" alt=\"\" width=\"660\" height=\"1173\" srcset=\"https:\/\/mtv-l\u00fcbberstedt.de\/wp-content\/uploads\/2023\/10\/Uebungsleitertermine-1_Seite_2-scaled.jpg 1440w, https:\/\/mtv-l\u00fcbberstedt.de\/wp-content\/uploads\/2023\/10\/Uebungsleitertermine-1_Seite_2-169x300.jpg 169w, https:\/\/mtv-l\u00fcbberstedt.de\/wp-content\/uploads\/2023\/10\/Uebungsleitertermine-1_Seite_2-576x1024.jpg 576w, https:\/\/mtv-l\u00fcbberstedt.de\/wp-content\/uploads\/2023\/10\/Uebungsleitertermine-1_Seite_2-768x1365.jpg 768w, https:\/\/mtv-l\u00fcbberstedt.de\/wp-content\/uploads\/2023\/10\/Uebungsleitertermine-1_Seite_2-864x1536.jpg 864w, https:\/\/mtv-l\u00fcbberstedt.de\/wp-content\/uploads\/2023\/10\/Uebungsleitertermine-1_Seite_2-1152x2048.jpg 1152w\" sizes=\"auto, (max-width: 660px) 100vw, 660px\" \/><\/a><\/p>\n\n\n<div class=\"wp-block-image\">\n<figure class=\"aligncenter size-large is-resized\"><a href=\"https:\/\/mtv-l\u00fcbberstedt.de\/wp-content\/uploads\/2025\/01\/Uebungsleitertermine-2b.jpg\"><img loading=\"lazy\" decoding=\"async\" width=\"576\" height=\"1024\" src=\"https:\/\/mtv-l\u00fcbberstedt.de\/wp-content\/uploads\/2025\/01\/Uebungsleitertermine-2b-576x1024.jpg\" alt=\"\" class=\"wp-image-1302\" style=\"width:658px;height:auto\" srcset=\"https:\/\/mtv-l\u00fcbberstedt.de\/wp-content\/uploads\/2025\/01\/Uebungsleitertermine-2b-576x1024.jpg 576w, https:\/\/mtv-l\u00fcbberstedt.de\/wp-content\/uploads\/2025\/01\/Uebungsleitertermine-2b-169x300.jpg 169w, https:\/\/mtv-l\u00fcbberstedt.de\/wp-content\/uploads\/2025\/01\/Uebungsleitertermine-2b-768x1365.jpg 768w, https:\/\/mtv-l\u00fcbberstedt.de\/wp-content\/uploads\/2025\/01\/Uebungsleitertermine-2b-864x1536.jpg 864w, https:\/\/mtv-l\u00fcbberstedt.de\/wp-content\/uploads\/2025\/01\/Uebungsleitertermine-2b.jpg 1080w\" sizes=\"auto, (max-width: 576px) 100vw, 576px\" \/><\/a><\/figure>\n<\/div>","protected":false},"excerpt":{"rendered":"<p>MTV Sportangebot In unseren unterschiedlichen Sparten und Gruppen k\u00f6nnen verschiedenste Angebote ausprobiert und Sport betrieben werden. Aerobic Badminton Bogenschie\u00dfen Boule Damengymnastik Faustball Eltern-Kind Turnen Kinderturnen Prellball &#8211; Radfahren Tischtennis Walking \u00dcbersicht der Sparten und \u00dcbungstermine<\/p>\n","protected":false},"author":1,"featured_media":0,"parent":0,"menu_order":0,"comment_status":"closed","ping_status":"closed","template":"","meta":{"ngg_post_thumbnail":0,"footnotes":""},"class_list":["post-925","page","type-page","status-publish","hentry"],"_links":{"self":[{"href":"https:\/\/mtv-l\u00fcbberstedt.de\/index.php?rest_route=\/wp\/v2\/pages\/925","targetHints":{"allow":["GET"]}}],"collection":[{"href":"https:\/\/mtv-l\u00fcbberstedt.de\/index.php?rest_route=\/wp\/v2\/pages"}],"about":[{"href":"https:\/\/mtv-l\u00fcbberstedt.de\/index.php?rest_route=\/wp\/v2\/types\/page"}],"author":[{"embeddable":true,"href":"https:\/\/mtv-l\u00fcbberstedt.de\/index.php?rest_route=\/wp\/v2\/users\/1"}],"replies":[{"embeddable":true,"href":"https:\/\/mtv-l\u00fcbberstedt.de\/index.php?rest_route=%2Fwp%2Fv2%2Fcomments&post=925"}],"version-history":[{"count":72,"href":"https:\/\/mtv-l\u00fcbberstedt.de\/index.php?rest_route=\/wp\/v2\/pages\/925\/revisions"}],"predecessor-version":[{"id":1304,"href":"https:\/\/mtv-l\u00fcbberstedt.de\/index.php?rest_route=\/wp\/v2\/pages\/925\/revisions\/1304"}],"wp:attachment":[{"href":"https:\/\/mtv-l\u00fcbberstedt.de\/index.php?rest_route=%2Fwp%2Fv2%2Fmedia&parent=925"}],"curies":[{"name":"wp","href":"https:\/\/api.w.org\/{rel}","templated":true}]}}