{"id":92,"date":"2015-04-30T20:09:07","date_gmt":"2015-04-30T20:09:07","guid":{"rendered":"http:\/\/xn--mtv-lbberstedt-ksb.de\/?page_id=92"},"modified":"2024-01-10T19:19:21","modified_gmt":"2024-01-10T18:19:21","slug":"impressum","status":"publish","type":"page","link":"https:\/\/mtv-l\u00fcbberstedt.de\/?page_id=92","title":{"rendered":"Impressum"},"content":{"rendered":"<h1>Impressum<\/h1>\n<p><strong>Angaben gem\u00e4\u00df \u00a7 5 TMG<\/strong><\/p>\n<p><strong>MTV L\u00fcbberstedt e.V.<\/strong><br \/>\nBahnhofstra\u00dfe<br \/>\n27729 L\u00fcbberstedt<br \/>\n<strong>Vertreten durch:<\/strong><br \/>\nBeate L\u00fctjen<\/p>\n<p><strong>Verantwortlich f\u00fcr den Inhalt nach \u00a7 55 Abs. 2 RStV:<\/strong><br \/>\nVorsitzende: Beate L\u00fctjen<\/p>\n<p><strong>Kontakt:<\/strong><strong><br \/>\n<\/strong>E-Mail: <a href=\"mailto:info@mtvluebberstedt.de\">info@mtvluebberstedt.de<\/a><\/p>\n<h2><strong>Disclaimer<\/strong><\/h2>\n<p><strong>Haftung f\u00fcr Inhalte<\/strong><\/p>\n<p>Die Inhalte unserer Seiten wurden mit gr\u00f6\u00dfter Sorgfalt erstellt.&nbsp; F\u00fcr die Richtigkeit, Vollst\u00e4ndigkeit und Aktualit\u00e4t der Inhalte k\u00f6nnen wir jedoch keine Gew\u00e4hr \u00fcbernehmen. Als Diensteanbieter sind wir gem\u00e4\u00df \u00a7 7 Abs.1 TMG f\u00fcr&nbsp;eigene Inhalte auf diesen Seiten nach den allgemeinen Gesetzen verantwortlich.&nbsp; Nach \u00a7 8 bis 10 TMG sind wir als Diensteanbieter jedoch nicht verpflichtet, \u00fcbermittelte oder gespeicherte fremde Informationen zu&nbsp;\u00fcberwachen oder nach Umst\u00e4nden zu forschen, die auf eine rechtswidrige&nbsp;T\u00e4tigkeit hinweisen. Verpflichtungen zur Entfernung oder Sperrung der&nbsp;Nutzung von Informationen nach den allgemeinen Gesetzen bleiben hiervon&nbsp;unber\u00fchrt. Eine diesbez\u00fcgliche Haftung ist jedoch erst ab dem&nbsp;Zeitpunkt der Kenntnis einer konkreten Rechtsverletzung m\u00f6glich. Bei&nbsp;Bekanntwerden von entsprechenden Rechtsverletzungen werden wir diese Inhalte&nbsp;umgehend entfernen.<\/p>\n<p><strong>Haftung f\u00fcr Links<\/strong><\/p>\n<p>Unser Angebot enth\u00e4lt Links zu externen Webseiten Dritter, auf deren&nbsp;Inhalte wir keinen Einfluss haben. Deshalb k\u00f6nnen wir f\u00fcr diese&nbsp;fremden Inhalte auch keine Gew\u00e4hr \u00fcbernehmen. F\u00fcr die Inhalte&nbsp;der verlinkten Seiten ist stets der jeweilige Anbieter oder Betreiber der&nbsp;Seiten verantwortlich. Die verlinkten Seiten wurden zum Zeitpunkt der Verlinkung&nbsp;auf m\u00f6gliche Rechtsverst\u00f6\u00dfe \u00fcberpr\u00fcft. Rechtswidrige Inhalte waren zum Zeitpunkt der Verlinkung nicht erkennbar. Eine permanente&nbsp;inhaltliche Kontrolle der verlinkten Seiten ist jedoch ohne konkrete Anhaltspunkte&nbsp;einer Rechtsverletzung nicht zumutbar. Bei Bekanntwerden von Rechtsverletzungen&nbsp;werden wir derartige Links umgehend entfernen.<\/p>\n<p><strong>Urheberrecht<\/strong><\/p>\n<p>Die durch die Seitenbetreiber erstellten Inhalte und Werke auf&nbsp;diesen Seiten&nbsp;unterliegen dem deutschen Urheberrecht. Die Vervielf\u00e4ltigung,&nbsp;Bearbeitung, Verbreitung und jede Art der Verwertung au\u00dferhalb der Grenzen des Urheberrechtes&nbsp;bed\u00fcrfen der schriftlichen Zustimmung des jeweiligen Autors bzw.&nbsp; Erstellers. Downloads&nbsp;und Kopien dieser Seite sind nur f\u00fcr den privaten, nicht kommerziellen Gebrauch gestattet. Soweit die Inhalte auf dieser Seite nicht vom&nbsp;Betreiber erstellt wurden, werden die Urheberrechte Dritter beachtet. Insbesondere werden Inhalte Dritter als solche&nbsp;gekennzeichnet. Sollten Sie trotzdem auf eine&nbsp;Urheberrechtsverletzung aufmerksam werden, bitten wir um einen entsprechenden Hinweis.&nbsp; Bei Bekanntwerden von Rechtsverletzungen werden wir derartige&nbsp;Inhalte umgehend entfernen.<\/p>\n<h4>Datenschutzerkl\u00e4rung<\/h4>\n<p>Die Nutzung unserer Webseite ist in der Regel ohne Angabe&nbsp;personenbezogener Daten m\u00f6glich. Soweit auf unseren Seiten&nbsp;personenbezogene Daten (beispielsweise Name,&nbsp;Anschrift oder eMail-Adressen) erhoben werden, erfolgt dies,&nbsp;soweit m\u00f6glich, stets auf freiwilliger Basis. Diese Daten werden ohne&nbsp;Ihre ausdr\u00fcckliche Zustimmung nicht an Dritte weitergegeben.<\/p>\n<p>Wir weisen darauf hin, dass die Daten\u00fcbertragung im Internet (z.B.&nbsp; bei der Kommunikation per E-Mail) Sicherheitsl\u00fccken aufweisen kann.&nbsp; Ein l\u00fcckenloser Schutz der Daten vor dem Zugriff durch Dritte ist nicht&nbsp;m\u00f6glich.<\/p>\n<p>Der Nutzung von im Rahmen der Impressumspflicht ver\u00f6ffentlichten Kontaktdaten&nbsp;durch Dritte zur \u00dcbersendung von nicht ausdr\u00fccklich angeforderter&nbsp;Werbung und Informationsmaterialien wird hiermit ausdr\u00fccklich widersprochen.&nbsp; Die Betreiber der Seiten behalten sich ausdr\u00fccklich rechtliche Schritte&nbsp; im Falle der unverlangten Zusendung von Werbeinformationen, etwa durch Spam-Mails,&nbsp; vor.<br \/>\n<em>Quellen:&nbsp;<\/em><a href=\"http:\/\/www.e-recht24.de\/muster-disclaimer.htm\"><em>Disclaimer eRecht24<\/em><\/a><\/p>\n<p>&nbsp;<\/p>\n","protected":false},"excerpt":{"rendered":"<p>Impressum Angaben gem\u00e4\u00df \u00a7 5 TMG MTV L\u00fcbberstedt e.V. Bahnhofstra\u00dfe 27729 L\u00fcbberstedt Vertreten durch: Beate L\u00fctjen Verantwortlich f\u00fcr den Inhalt nach \u00a7 55 Abs. 2 RStV: Vorsitzende: Beate L\u00fctjen Kontakt: E-Mail: info@mtvluebberstedt.de Disclaimer Haftung f\u00fcr Inhalte Die Inhalte unserer Seiten wurden mit gr\u00f6\u00dfter Sorgfalt erstellt.&nbsp; F\u00fcr die Richtigkeit, Vollst\u00e4ndigkeit und Aktualit\u00e4t der Inhalte k\u00f6nnen wir [&hellip;]<\/p>\n","protected":false},"author":1,"featured_media":0,"parent":0,"menu_order":8,"comment_status":"closed","ping_status":"closed","template":"","meta":{"ngg_post_thumbnail":0,"footnotes":""},"class_list":["post-92","page","type-page","status-publish","hentry"],"_links":{"self":[{"href":"https:\/\/mtv-l\u00fcbberstedt.de\/index.php?rest_route=\/wp\/v2\/pages\/92","targetHints":{"allow":["GET"]}}],"collection":[{"href":"https:\/\/mtv-l\u00fcbberstedt.de\/index.php?rest_route=\/wp\/v2\/pages"}],"about":[{"href":"https:\/\/mtv-l\u00fcbberstedt.de\/index.php?rest_route=\/wp\/v2\/types\/page"}],"author":[{"embeddable":true,"href":"https:\/\/mtv-l\u00fcbberstedt.de\/index.php?rest_route=\/wp\/v2\/users\/1"}],"replies":[{"embeddable":true,"href":"https:\/\/mtv-l\u00fcbberstedt.de\/index.php?rest_route=%2Fwp%2Fv2%2Fcomments&post=92"}],"version-history":[{"count":6,"href":"https:\/\/mtv-l\u00fcbberstedt.de\/index.php?rest_route=\/wp\/v2\/pages\/92\/revisions"}],"predecessor-version":[{"id":1105,"href":"https:\/\/mtv-l\u00fcbberstedt.de\/index.php?rest_route=\/wp\/v2\/pages\/92\/revisions\/1105"}],"wp:attachment":[{"href":"https:\/\/mtv-l\u00fcbberstedt.de\/index.php?rest_route=%2Fwp%2Fv2%2Fmedia&parent=92"}],"curies":[{"name":"wp","href":"https:\/\/api.w.org\/{rel}","templated":true}]}}