{"id":84,"date":"2015-04-30T20:00:21","date_gmt":"2015-04-30T18:00:21","guid":{"rendered":"http:\/\/xn--mtv-lbberstedt-ksb.de\/?page_id=84"},"modified":"2024-01-23T17:59:41","modified_gmt":"2024-01-23T16:59:41","slug":"kontakt-2","status":"publish","type":"page","link":"https:\/\/mtv-l\u00fcbberstedt.de\/?page_id=84","title":{"rendered":"Kontakt"},"content":{"rendered":"<h2>Ihr Feedback ist unersetzlich f\u00fcr die Arbeit und das Angebot vom MTV L\u00fcbberstedt.<\/h2>\n<p>Wenn Sie Fragen, Kommentare oder Anregungen haben,&nbsp; kontaktieren Sie uns.<\/p>\n<p>K\u00fcndigungen oder \u00c4nderungen der Mitgliedschaft bitte direkt an die unten aufgef\u00fchrte Kontaktadresse.<\/p>\n<p>Gerne nehmen wir dann Kontakt mit Ihnen auf.<\/p>\n<h5><strong>MTV L\u00fcbberstedt e.V.<\/strong><br><strong>Vorsitzende: Beate L\u00fctjen<\/strong><br>Mail: <a href=\"mailto:info@mtvluebberstedt.de\"><span style=\"color: #004492;\">info@mtvluebberstedt.de<\/span><\/a><\/h5>\n\n\n<figure class=\"wp-block-image size-large is-style-default\"><a href=\"https:\/\/www.google.com\/maps\/place\/Bahnhofstra%C3%9Fe+3,+27729+L%C3%BCbberstedt\/@53.3338615,8.8099454,17z\/data=!3m1!4b1!4m6!3m5!1s0x47b136b0f6d675f5:0x3d079295442a4a8e!8m2!3d53.3338583!4d8.8125203!16s%2Fg%2F11g6bvv_p2?entry=ttu\"><img loading=\"lazy\" decoding=\"async\" width=\"1024\" height=\"577\" src=\"https:\/\/mtv-l\u00fcbberstedt.de\/wp-content\/uploads\/2024\/01\/Maps-1024x577.jpg\" alt=\"\" class=\"wp-image-1106\" srcset=\"https:\/\/mtv-l\u00fcbberstedt.de\/wp-content\/uploads\/2024\/01\/Maps-1024x577.jpg 1024w, https:\/\/mtv-l\u00fcbberstedt.de\/wp-content\/uploads\/2024\/01\/Maps-300x169.jpg 300w, https:\/\/mtv-l\u00fcbberstedt.de\/wp-content\/uploads\/2024\/01\/Maps-768x433.jpg 768w, https:\/\/mtv-l\u00fcbberstedt.de\/wp-content\/uploads\/2024\/01\/Maps-1536x865.jpg 1536w, https:\/\/mtv-l\u00fcbberstedt.de\/wp-content\/uploads\/2024\/01\/Maps.jpg 1672w\" sizes=\"auto, (max-width: 1024px) 100vw, 1024px\" \/><\/a><\/figure>\n\n\n","protected":false},"excerpt":{"rendered":"<p>Ihr Feedback ist unersetzlich f\u00fcr die Arbeit und das Angebot vom MTV L\u00fcbberstedt. Wenn Sie Fragen, Kommentare oder Anregungen haben,&nbsp; kontaktieren Sie uns. K\u00fcndigungen oder \u00c4nderungen der Mitgliedschaft bitte direkt an die unten aufgef\u00fchrte Kontaktadresse. Gerne nehmen wir dann Kontakt mit Ihnen auf. MTV L\u00fcbberstedt e.V.Vorsitzende: Beate L\u00fctjenMail: info@mtvluebberstedt.de<\/p>\n","protected":false},"author":1,"featured_media":0,"parent":0,"menu_order":7,"comment_status":"closed","ping_status":"closed","template":"","meta":{"ngg_post_thumbnail":0,"footnotes":""},"class_list":["post-84","page","type-page","status-publish","hentry"],"_links":{"self":[{"href":"https:\/\/mtv-l\u00fcbberstedt.de\/index.php?rest_route=\/wp\/v2\/pages\/84","targetHints":{"allow":["GET"]}}],"collection":[{"href":"https:\/\/mtv-l\u00fcbberstedt.de\/index.php?rest_route=\/wp\/v2\/pages"}],"about":[{"href":"https:\/\/mtv-l\u00fcbberstedt.de\/index.php?rest_route=\/wp\/v2\/types\/page"}],"author":[{"embeddable":true,"href":"https:\/\/mtv-l\u00fcbberstedt.de\/index.php?rest_route=\/wp\/v2\/users\/1"}],"replies":[{"embeddable":true,"href":"https:\/\/mtv-l\u00fcbberstedt.de\/index.php?rest_route=%2Fwp%2Fv2%2Fcomments&post=84"}],"version-history":[{"count":29,"href":"https:\/\/mtv-l\u00fcbberstedt.de\/index.php?rest_route=\/wp\/v2\/pages\/84\/revisions"}],"predecessor-version":[{"id":1319,"href":"https:\/\/mtv-l\u00fcbberstedt.de\/index.php?rest_route=\/wp\/v2\/pages\/84\/revisions\/1319"}],"wp:attachment":[{"href":"https:\/\/mtv-l\u00fcbberstedt.de\/index.php?rest_route=%2Fwp%2Fv2%2Fmedia&parent=84"}],"curies":[{"name":"wp","href":"https:\/\/api.w.org\/{rel}","templated":true}]}}